{"id":4785,"date":"2023-10-12T14:27:35","date_gmt":"2023-10-12T12:27:35","guid":{"rendered":"https:\/\/test.futureblock.al\/flumenpark\/viletat\/"},"modified":"2023-11-23T15:14:35","modified_gmt":"2023-11-23T15:14:35","slug":"villas","status":"publish","type":"page","link":"https:\/\/flumen.al\/en\/villas\/","title":{"rendered":"Villas"},"content":{"rendered":"\t\t<div data-elementor-type=\"wp-page\" data-elementor-id=\"4785\" class=\"elementor elementor-4785 elementor-1950\" data-elementor-post-type=\"page\">\n\t\t\t\t\t\t<section class=\"elementor-section elementor-top-section elementor-element elementor-element-151f7969 elementor-section-height-min-height elementor-section-boxed elementor-section-height-default elementor-section-items-middle\" data-id=\"151f7969\" data-element_type=\"section\" data-settings=\"{&quot;background_background&quot;:&quot;classic&quot;}\">\n\t\t\t\t\t\t\t<div class=\"elementor-background-overlay\"><\/div>\n\t\t\t\t\t\t\t<div class=\"elementor-container elementor-column-gap-default\">\n\t\t\t\t\t<div class=\"elementor-column elementor-col-100 elementor-top-column elementor-element elementor-element-7df77d8d\" data-id=\"7df77d8d\" data-element_type=\"column\">\n\t\t\t<div class=\"elementor-widget-wrap elementor-element-populated\">\n\t\t\t\t\t\t<div class=\"elementor-element elementor-element-3807e47d elementor-widget__width-auto vija elementor-widget-mobile__width-initial elementor-widget elementor-widget-heading\" data-id=\"3807e47d\" data-element_type=\"widget\" data-widget_type=\"heading.default\">\n\t\t\t\t<div class=\"elementor-widget-container\">\n\t\t\t<h2 class=\"elementor-heading-title elementor-size-default\">Villas<\/h2>\t\t<\/div>\n\t\t\t\t<\/div>\n\t\t\t\t<div class=\"elementor-element elementor-element-7f78c5c5 elementor-widget elementor-widget-text-editor\" data-id=\"7f78c5c5\" data-element_type=\"widget\" data-widget_type=\"text-editor.default\">\n\t\t\t\t<div class=\"elementor-widget-container\">\n\t\t\t\t\t\t\t<a href=\"https:\/\/flumen.al\/en\/\">Home<\/a>\u00a0 &gt; Villas\t\t\t\t\t\t<\/div>\n\t\t\t\t<\/div>\n\t\t\t\t\t<\/div>\n\t\t<\/div>\n\t\t\t\t\t<\/div>\n\t\t<\/section>\n\t\t\t\t<section class=\"elementor-section elementor-top-section elementor-element elementor-element-d7c9455 elementor-section-boxed elementor-section-height-default elementor-section-height-default\" data-id=\"d7c9455\" data-element_type=\"section\" data-settings=\"{&quot;background_background&quot;:&quot;classic&quot;}\">\n\t\t\t\t\t\t<div class=\"elementor-container elementor-column-gap-default\">\n\t\t\t\t\t<div class=\"elementor-column elementor-col-50 elementor-top-column elementor-element elementor-element-8ac6751\" data-id=\"8ac6751\" data-element_type=\"column\">\n\t\t\t<div class=\"elementor-widget-wrap elementor-element-populated\">\n\t\t\t\t\t\t<div class=\"elementor-element elementor-element-6bae1d36 elementor-widget__width-auto vija elementor-widget-mobile__width-initial elementor-widget elementor-widget-heading\" data-id=\"6bae1d36\" data-element_type=\"widget\" data-widget_type=\"heading.default\">\n\t\t\t\t<div class=\"elementor-widget-container\">\n\t\t\t<h2 class=\"elementor-heading-title elementor-size-default\">Villas<\/h2>\t\t<\/div>\n\t\t\t\t<\/div>\n\t\t\t\t<div class=\"elementor-element elementor-element-6991dc9 elementor-widget elementor-widget-heading\" data-id=\"6991dc9\" data-element_type=\"widget\" data-widget_type=\"heading.default\">\n\t\t\t\t<div class=\"elementor-widget-container\">\n\t\t\t<h4 class=\"elementor-heading-title elementor-size-default\">The villas offer the comfort of a real home with all the necessary amenities for a pleasant and relaxing stay, providing privacy for visitors who wish to enjoy peace and intimacy. Their positioning adds extra value to the stay and makes it an unparalleled experience.\nThe villas are suitable for couples, families, and large groups. They are located near all the services and activities that Flumen Park offers.\n<\/h4>\t\t<\/div>\n\t\t\t\t<\/div>\n\t\t\t\t<div class=\"elementor-element elementor-element-f8b8b67 elementor-widget elementor-widget-text-editor\" data-id=\"f8b8b67\" data-element_type=\"widget\" data-widget_type=\"text-editor.default\">\n\t\t\t\t<div class=\"elementor-widget-container\">\n\t\t\t\t\t\t\t<p><span style=\"color: #395b4b; font-weight: 500;\">Detailed information about the villas:<\/span><\/p><p><span style=\"color: #395b4b; font-weight: 500;\">Number of Villas:<\/span> Flumen Park offers 6 villas that are available throughout the year.<\/p><p><span style=\"color: #395b4b; font-weight: 500;\">Type of Villas:<\/span> 4 standard villas, 1 Suite Villa and 1 Family Villa suitable for 4 \u2013 5 persons.<\/p><p><span style=\"color: #395b4b; font-weight: 500;\">Amenities:<\/span> Breakfast is included. Free Wi-Fi and Parking space for customers.<\/p>\t\t\t\t\t\t<\/div>\n\t\t\t\t<\/div>\n\t\t\t\t\t<\/div>\n\t\t<\/div>\n\t\t\t\t<div class=\"elementor-column elementor-col-50 elementor-top-column elementor-element elementor-element-67b755e elementor-hidden-phone\" data-id=\"67b755e\" data-element_type=\"column\" data-settings=\"{&quot;background_background&quot;:&quot;classic&quot;}\">\n\t\t\t<div class=\"elementor-widget-wrap elementor-element-populated\">\n\t\t\t\t\t\t<div class=\"elementor-element elementor-element-d440a09 elementor-widget elementor-widget-image\" data-id=\"d440a09\" data-element_type=\"widget\" data-widget_type=\"image.default\">\n\t\t\t\t<div class=\"elementor-widget-container\">\n\t\t\t\t\t\t\t\t\t\t\t\t\t<img fetchpriority=\"high\" decoding=\"async\" width=\"800\" height=\"534\" src=\"https:\/\/flumen.al\/wp-content\/uploads\/2023\/11\/1H3A2088-scaled-1-1024x683.jpg\" class=\"attachment-large size-large wp-image-4703\" alt=\"Luxurious villa at Flumen Park\" srcset=\"https:\/\/flumen.al\/wp-content\/uploads\/2023\/11\/1H3A2088-scaled-1-1024x683.jpg 1024w, https:\/\/flumen.al\/wp-content\/uploads\/2023\/11\/1H3A2088-scaled-1-300x200.jpg 300w, https:\/\/flumen.al\/wp-content\/uploads\/2023\/11\/1H3A2088-scaled-1-150x100.jpg 150w, https:\/\/flumen.al\/wp-content\/uploads\/2023\/11\/1H3A2088-scaled-1-768x512.jpg 768w, https:\/\/flumen.al\/wp-content\/uploads\/2023\/11\/1H3A2088-scaled-1-1536x1024.jpg 1536w, https:\/\/flumen.al\/wp-content\/uploads\/2023\/11\/1H3A2088-scaled-1-2048x1366.jpg 2048w\" sizes=\"(max-width: 800px) 100vw, 800px\" \/>\t\t\t\t\t\t\t\t\t\t\t\t\t<\/div>\n\t\t\t\t<\/div>\n\t\t\t\t\t<\/div>\n\t\t<\/div>\n\t\t\t\t\t<\/div>\n\t\t<\/section>\n\t\t<div class=\"elementor-element elementor-element-44dfb2a4 e-con-full e-flex e-con e-parent\" data-id=\"44dfb2a4\" data-element_type=\"container\">\n\t\t\t\t<div class=\"elementor-element elementor-element-7275cfa elementor-arrows-position-outside elementor-widget elementor-widget-image-carousel\" data-id=\"7275cfa\" data-element_type=\"widget\" data-settings=\"{&quot;slides_to_show&quot;:&quot;4&quot;,&quot;slides_to_scroll&quot;:&quot;2&quot;,&quot;navigation&quot;:&quot;arrows&quot;,&quot;autoplay_speed&quot;:3000,&quot;autoplay&quot;:&quot;yes&quot;,&quot;pause_on_hover&quot;:&quot;yes&quot;,&quot;pause_on_interaction&quot;:&quot;yes&quot;,&quot;infinite&quot;:&quot;yes&quot;,&quot;speed&quot;:500,&quot;image_spacing_custom&quot;:{&quot;unit&quot;:&quot;px&quot;,&quot;size&quot;:20,&quot;sizes&quot;:[]},&quot;image_spacing_custom_tablet&quot;:{&quot;unit&quot;:&quot;px&quot;,&quot;size&quot;:&quot;&quot;,&quot;sizes&quot;:[]},&quot;image_spacing_custom_mobile&quot;:{&quot;unit&quot;:&quot;px&quot;,&quot;size&quot;:&quot;&quot;,&quot;sizes&quot;:[]}}\" data-widget_type=\"image-carousel.default\">\n\t\t\t\t<div class=\"elementor-widget-container\">\n\t\t\t\t\t<div class=\"elementor-image-carousel-wrapper swiper\" dir=\"ltr\">\n\t\t\t<div class=\"elementor-image-carousel swiper-wrapper\" aria-live=\"off\">\n\t\t\t\t\t\t\t\t<div class=\"swiper-slide\" role=\"group\" aria-roledescription=\"slide\" aria-label=\"1 of 16\"><figure class=\"swiper-slide-inner\"><img decoding=\"async\" class=\"swiper-slide-image\" src=\"https:\/\/flumen.al\/wp-content\/uploads\/elementor\/thumbs\/1H3A2088-scaled-r0h71i19o1hjx34u2gxkx3glgl94o99beq1w2fnl2g.jpg\" alt=\"1H3A2088\" \/><\/figure><\/div><div class=\"swiper-slide\" role=\"group\" aria-roledescription=\"slide\" aria-label=\"2 of 16\"><figure class=\"swiper-slide-inner\"><img decoding=\"async\" class=\"swiper-slide-image\" src=\"https:\/\/flumen.al\/wp-content\/uploads\/elementor\/thumbs\/IMG_3131-scaled-r0h71kus8jlevx0qm05gmkqz8qv8bckif40ci9jejs.jpg\" alt=\"Vila luksoze n\u00eb Flumen Park\" \/><\/figure><\/div><div class=\"swiper-slide\" role=\"group\" aria-roledescription=\"slide\" aria-label=\"3 of 16\"><figure class=\"swiper-slide-inner\"><img decoding=\"async\" class=\"swiper-slide-image\" src=\"https:\/\/flumen.al\/wp-content\/uploads\/elementor\/thumbs\/IMG_3123-scaled-r0h71kus8jlevx0qm05gmkqz8qv8bckif40ci9jejs.jpg\" alt=\"Vila luksoze n\u00eb Flumen Park\" \/><\/figure><\/div><div class=\"swiper-slide\" role=\"group\" aria-roledescription=\"slide\" aria-label=\"4 of 16\"><figure class=\"swiper-slide-inner\"><img decoding=\"async\" class=\"swiper-slide-image\" src=\"https:\/\/flumen.al\/wp-content\/uploads\/elementor\/thumbs\/IMG_3120-scaled-r0h71kus8jlevx0qm05gmkqz8qv8bckif40ci9jejs.jpg\" alt=\"Vila luksoze n\u00eb Flumen Park\" \/><\/figure><\/div><div class=\"swiper-slide\" role=\"group\" aria-roledescription=\"slide\" aria-label=\"5 of 16\"><figure class=\"swiper-slide-inner\"><img decoding=\"async\" class=\"swiper-slide-image\" src=\"https:\/\/flumen.al\/wp-content\/uploads\/elementor\/thumbs\/IMG_3100-scaled-r0h71kus8jlevx0qm05gmkqz8qv8bckif40ci9jejs.jpg\" alt=\"Luxurious villa at Flumen Park\" \/><\/figure><\/div><div class=\"swiper-slide\" role=\"group\" aria-roledescription=\"slide\" aria-label=\"6 of 16\"><figure class=\"swiper-slide-inner\"><img decoding=\"async\" class=\"swiper-slide-image\" src=\"https:\/\/flumen.al\/wp-content\/uploads\/elementor\/thumbs\/IMG_6528-scaled-r0h71i19o1hjx34u2gxkx3glgl94o99beq1w2fnl2g.jpg\" alt=\"IMG_6528\" \/><\/figure><\/div><div class=\"swiper-slide\" role=\"group\" aria-roledescription=\"slide\" aria-label=\"7 of 16\"><figure class=\"swiper-slide-inner\"><img decoding=\"async\" class=\"swiper-slide-image\" src=\"https:\/\/flumen.al\/wp-content\/uploads\/elementor\/thumbs\/IMG_3098-1-scaled-r0h71kus8jlevx0qm05gmkqz8qv8bckif40ci9jejs.jpg\" alt=\"Vila luksoze n\u00eb Flumen Park\" \/><\/figure><\/div><div class=\"swiper-slide\" role=\"group\" aria-roledescription=\"slide\" aria-label=\"8 of 16\"><figure class=\"swiper-slide-inner\"><img decoding=\"async\" class=\"swiper-slide-image\" src=\"https:\/\/flumen.al\/wp-content\/uploads\/elementor\/thumbs\/IMG_3087-scaled-r0h71kus8jlevx0qm05gmkqz8qv8bckif40ci9jejs.jpg\" alt=\"Vila luksoze n\u00eb Flumen Park\" \/><\/figure><\/div><div class=\"swiper-slide\" role=\"group\" aria-roledescription=\"slide\" aria-label=\"9 of 16\"><figure class=\"swiper-slide-inner\"><img decoding=\"async\" class=\"swiper-slide-image\" src=\"https:\/\/flumen.al\/wp-content\/uploads\/elementor\/thumbs\/cf551841-663b-4834-bb22-c4e6a53bb97b-r0h71kus8jlevx0qm05gmkqz8qv8bckif40ci9jejs.jpg\" alt=\"Vila luksoze n\u00eb Flumen Park.&quot;\" \/><\/figure><\/div><div class=\"swiper-slide\" role=\"group\" aria-roledescription=\"slide\" aria-label=\"10 of 16\"><figure class=\"swiper-slide-inner\"><img decoding=\"async\" class=\"swiper-slide-image\" src=\"https:\/\/flumen.al\/wp-content\/uploads\/elementor\/thumbs\/IMG_7047-scaled-r0h71jwy1pk4kb23rhqu22zinczv3ngs2zcv0zksq0.jpg\" alt=\"IMG_7047\" \/><\/figure><\/div><div class=\"swiper-slide\" role=\"group\" aria-roledescription=\"slide\" aria-label=\"11 of 16\"><figure class=\"swiper-slide-inner\"><img decoding=\"async\" class=\"swiper-slide-image\" src=\"https:\/\/flumen.al\/wp-content\/uploads\/elementor\/thumbs\/b255109d-fbbe-4dbe-946f-13b6c538a89d-r0h71kus8jlevx0qm05gmkqz8qv8bckif40ci9jejs.jpg\" alt=\"Vila luksoze n\u00eb Flumen Park\" \/><\/figure><\/div><div class=\"swiper-slide\" role=\"group\" aria-roledescription=\"slide\" aria-label=\"12 of 16\"><figure class=\"swiper-slide-inner\"><img decoding=\"async\" class=\"swiper-slide-image\" src=\"https:\/\/flumen.al\/wp-content\/uploads\/elementor\/thumbs\/77818d62-aa76-4847-9662-771290c29ab1-r0h71kus8jlevx0qm05gmkqz8qv8bckif40ci9jejs.jpg\" alt=\"Vila luksoze n\u00eb Flumen Park\" \/><\/figure><\/div><div class=\"swiper-slide\" role=\"group\" aria-roledescription=\"slide\" aria-label=\"13 of 16\"><figure class=\"swiper-slide-inner\"><img decoding=\"async\" class=\"swiper-slide-image\" src=\"https:\/\/flumen.al\/wp-content\/uploads\/elementor\/thumbs\/40d25c8f-d67e-4296-98b9-70b8d2025367-r0h71kus8jlevx0qm05gmkqz8qv8bckif40ci9jejs.jpg\" alt=\"Vila luksoze ne Tirane\" \/><\/figure><\/div><div class=\"swiper-slide\" role=\"group\" aria-roledescription=\"slide\" aria-label=\"14 of 16\"><figure class=\"swiper-slide-inner\"><img decoding=\"async\" class=\"swiper-slide-image\" src=\"https:\/\/flumen.al\/wp-content\/uploads\/elementor\/thumbs\/IMG_6541-scaled-r0h71iz3uviu8p3gwzc7hl821z4hvyd1qupdjpm6w8.jpg\" alt=\"IMG_6541\" \/><\/figure><\/div><div class=\"swiper-slide\" role=\"group\" aria-roledescription=\"slide\" aria-label=\"15 of 16\"><figure class=\"swiper-slide-inner\"><img decoding=\"async\" class=\"swiper-slide-image\" src=\"https:\/\/flumen.al\/wp-content\/uploads\/elementor\/thumbs\/IMG_3090-scaled-r0h71kus8jlevx0qm05gmkqz8qv8bckif40ci9jejs.jpg\" alt=\"Seleksion i mir\u00eb i ver\u00ebrave n\u00eb Flumen Park.&quot;\" \/><\/figure><\/div><div class=\"swiper-slide\" role=\"group\" aria-roledescription=\"slide\" aria-label=\"16 of 16\"><figure class=\"swiper-slide-inner\"><img decoding=\"async\" class=\"swiper-slide-image\" src=\"https:\/\/flumen.al\/wp-content\/uploads\/elementor\/thumbs\/d54bf69c-9c8d-4d02-8948-84d9a9530bb9-r0h71kus8jlevx0qm05gmkqz8qv8bckif40ci9jejs.jpg\" alt=\"Vila luksoze n\u00eb Flumen Park\" \/><\/figure><\/div>\t\t\t<\/div>\n\t\t\t\t\t\t\t\t\t\t\t\t<div class=\"elementor-swiper-button elementor-swiper-button-prev\" role=\"button\" tabindex=\"0\">\n\t\t\t\t\t\t<i aria-hidden=\"true\" class=\"eicon-chevron-left\"><\/i>\t\t\t\t\t<\/div>\n\t\t\t\t\t<div class=\"elementor-swiper-button elementor-swiper-button-next\" role=\"button\" tabindex=\"0\">\n\t\t\t\t\t\t<i aria-hidden=\"true\" class=\"eicon-chevron-right\"><\/i>\t\t\t\t\t<\/div>\n\t\t\t\t\n\t\t\t\t\t\t\t\t\t<\/div>\n\t\t\t\t<\/div>\n\t\t\t\t<\/div>\n\t\t\t\t<\/div>\n\t\t\t\t<\/div>\n\t\t","protected":false},"excerpt":{"rendered":"<p>Villas Home\u00a0 &gt; Villas Villas The villas offer the comfort of a real home with all the necessary amenities for a pleasant and relaxing stay, providing privacy for visitors who wish to enjoy peace and intimacy. Their positioning adds extra value to the stay and makes it an unparalleled experience. The villas are suitable for [&hellip;]<\/p>\n","protected":false},"author":1,"featured_media":0,"parent":0,"menu_order":0,"comment_status":"closed","ping_status":"closed","template":"elementor_header_footer","meta":{"footnotes":""},"class_list":["post-4785","page","type-page","status-publish","hentry"],"_links":{"self":[{"href":"https:\/\/flumen.al\/en\/wp-json\/wp\/v2\/pages\/4785","targetHints":{"allow":["GET"]}}],"collection":[{"href":"https:\/\/flumen.al\/en\/wp-json\/wp\/v2\/pages"}],"about":[{"href":"https:\/\/flumen.al\/en\/wp-json\/wp\/v2\/types\/page"}],"author":[{"embeddable":true,"href":"https:\/\/flumen.al\/en\/wp-json\/wp\/v2\/users\/1"}],"replies":[{"embeddable":true,"href":"https:\/\/flumen.al\/en\/wp-json\/wp\/v2\/comments?post=4785"}],"version-history":[{"count":0,"href":"https:\/\/flumen.al\/en\/wp-json\/wp\/v2\/pages\/4785\/revisions"}],"wp:attachment":[{"href":"https:\/\/flumen.al\/en\/wp-json\/wp\/v2\/media?parent=4785"}],"curies":[{"name":"wp","href":"https:\/\/api.w.org\/{rel}","templated":true}]}}